{"id":108,"date":"2023-06-18T21:01:01","date_gmt":"2023-06-18T19:01:01","guid":{"rendered":"http:\/\/644256.test-my-website.de\/medienbildung\/?page_id=108"},"modified":"2024-06-24T17:32:19","modified_gmt":"2024-06-24T15:32:19","slug":"startseite","status":"publish","type":"page","link":"https:\/\/fd-medienbildung.de\/","title":{"rendered":"Startseite"},"content":{"rendered":"\n<p>In unserer modernen, digitalisierten Welt spielen Medien eine zentrale Rolle. Ob in Form von sozialen Netzwerken, Online-Nachrichten, Streaming-Plattformen oder mobilen Apps &#8211; Medien sind allgegenw\u00e4rtig und pr\u00e4gen unsere Kommunikation, Informationsbeschaffung und Unterhaltung. Doch der Umgang mit Medien erfordert mehr als nur technisches Verst\u00e4ndnis und passive Konsumf\u00e4higkeit. Medienbildung ist wichtiger Bestandteil einer umfassenden Auseinandersetzung und bef\u00e4higt uns dazu, kritisch, kompetent und verantwortungsbewusst Medien zu nutzen &#8211; im Arbeitsalltag, in der Freizeit und in Beziehung zu unseren Mitmenschen.<\/p>\n\n\n\n<p>Eine kompetente und erfahrene Begleitung erm\u00f6glicht es, einfach und zielgerichtet den Umgang mit Medien zu vertiefen und sich das notwendige Verst\u00e4ndnis und die notwendigen F\u00e4higkeiten anzueignen, sowie digitale L\u00f6sungen f\u00fcr aktuelle Herausforderungen zu finden und umzusetzen. Ich stehe daf\u00fcr mit meiner Expertise zur Verf\u00fcgung.<\/p>\n\n\n\n<figure class=\"wp-block-image size-large\"><img loading=\"lazy\" decoding=\"async\" width=\"1024\" height=\"682\" src=\"https:\/\/fd-medienbildung.de\/medienbildung\/fd\/wp-content\/uploads\/2023\/06\/social-media-gfb28ec790_1920-1024x682.jpg\" alt=\"\" class=\"wp-image-122\" srcset=\"https:\/\/fd-medienbildung.de\/fd\/wp-content\/uploads\/2023\/06\/social-media-gfb28ec790_1920-1024x682.jpg 1024w, https:\/\/fd-medienbildung.de\/fd\/wp-content\/uploads\/2023\/06\/social-media-gfb28ec790_1920-300x200.jpg 300w, https:\/\/fd-medienbildung.de\/fd\/wp-content\/uploads\/2023\/06\/social-media-gfb28ec790_1920-768x512.jpg 768w, https:\/\/fd-medienbildung.de\/fd\/wp-content\/uploads\/2023\/06\/social-media-gfb28ec790_1920-1536x1023.jpg 1536w, https:\/\/fd-medienbildung.de\/fd\/wp-content\/uploads\/2023\/06\/social-media-gfb28ec790_1920.jpg 1920w\" sizes=\"auto, (max-width: 767px) 89vw, (max-width: 1000px) 54vw, (max-width: 1071px) 543px, 580px\" \/><\/figure>\n","protected":false},"excerpt":{"rendered":"<p>In unserer modernen, digitalisierten Welt spielen Medien eine zentrale Rolle. Ob in Form von sozialen Netzwerken, Online-Nachrichten, Streaming-Plattformen oder mobilen Apps &#8211; Medien sind allgegenw\u00e4rtig und pr\u00e4gen unsere Kommunikation, Informationsbeschaffung und Unterhaltung. Doch der Umgang mit Medien erfordert mehr als nur technisches Verst\u00e4ndnis und passive Konsumf\u00e4higkeit. Medienbildung ist wichtiger Bestandteil einer umfassenden Auseinandersetzung und bef\u00e4higt &hellip; <\/p>\n<p class=\"link-more\"><a href=\"https:\/\/fd-medienbildung.de\/\" class=\"more-link\"><span class=\"screen-reader-text\">\u201eStartseite\u201c <\/span>weiterlesen<\/a><\/p>\n","protected":false},"author":1,"featured_media":0,"parent":0,"menu_order":0,"comment_status":"closed","ping_status":"closed","template":"","meta":{"footnotes":""},"class_list":["post-108","page","type-page","status-publish","hentry"],"_links":{"self":[{"href":"https:\/\/fd-medienbildung.de\/index.php?rest_route=\/wp\/v2\/pages\/108","targetHints":{"allow":["GET"]}}],"collection":[{"href":"https:\/\/fd-medienbildung.de\/index.php?rest_route=\/wp\/v2\/pages"}],"about":[{"href":"https:\/\/fd-medienbildung.de\/index.php?rest_route=\/wp\/v2\/types\/page"}],"author":[{"embeddable":true,"href":"https:\/\/fd-medienbildung.de\/index.php?rest_route=\/wp\/v2\/users\/1"}],"replies":[{"embeddable":true,"href":"https:\/\/fd-medienbildung.de\/index.php?rest_route=%2Fwp%2Fv2%2Fcomments&post=108"}],"version-history":[{"count":5,"href":"https:\/\/fd-medienbildung.de\/index.php?rest_route=\/wp\/v2\/pages\/108\/revisions"}],"predecessor-version":[{"id":201,"href":"https:\/\/fd-medienbildung.de\/index.php?rest_route=\/wp\/v2\/pages\/108\/revisions\/201"}],"wp:attachment":[{"href":"https:\/\/fd-medienbildung.de\/index.php?rest_route=%2Fwp%2Fv2%2Fmedia&parent=108"}],"curies":[{"name":"wp","href":"https:\/\/api.w.org\/{rel}","templated":true}]}}